{"id":5077,"date":"2026-02-23T15:31:20","date_gmt":"2026-02-23T18:31:20","guid":{"rendered":"https:\/\/www.djamilaribeiro.com.br\/institut\/"},"modified":"2026-03-06T15:36:34","modified_gmt":"2026-03-06T18:36:34","slug":"institut","status":"publish","type":"page","link":"https:\/\/www.djamilaribeiro.com.br\/fr\/institut\/","title":{"rendered":"Institut"},"content":{"rendered":"<p>Fond\u00e9 par Djamila Ribeiro le 5 mai 2022, l\u2019Espace Feminismos Plurais est un institut \u00e0 but non lucratif d\u00e9di\u00e9 \u00e0 l\u2019accueil des femmes en situation de vuln\u00e9rabilit\u00e9 sociale. Son action repose sur une approche int\u00e9gr\u00e9e, ax\u00e9e sur le soin, la formation et le d\u00e9veloppement de projets sociaux qui favorisent l\u2019autonomie, la dignit\u00e9 et la justice sociale.<\/p>\n<p>Situ\u00e9 \u00e0 S\u00e3o Paulo, l\u2019Espace propose, enti\u00e8rement gratuitement, une large gamme d\u2019activit\u00e9s et de services. Parmi celles-ci figurent des actions pr\u00e9sentielles de formation intellectuelle et professionnelle, ainsi qu\u2019un accompagnement psychologique, un soutien juridique, litt\u00e9raire, th\u00e9rapeutique et dentaire destin\u00e9s aux personnes appartenant \u00e0 des groupes historiquement vuln\u00e9rabilis\u00e9s.<\/p>\n<p>L\u2019Institut \u00e9tablit \u00e9galement des partenariats avec des \u00e9quipements publics de la ville afin d\u2019assurer l\u2019accompagnement des femmes en situation de violence domestique, en plus de promouvoir la distribution de guides d\u2019information sur les droits dans les unit\u00e9s de sant\u00e9 et au sein du syst\u00e8me judiciaire.<\/p>\n<p>En plus des services mentionn\u00e9s, l\u2019Espace met \u00e0 disposition une biblioth\u00e8que, des ordinateurs et un acc\u00e8s \u00e0 Internet \u00e0 des fins d\u2019\u00e9tude et de formation. Le service fonctionne du lundi au vendredi, aux heures de bureau, au Avenida Chibar\u00e1s, 666.<\/p>\n<p>\ud83d\udc49 D\u00e9couvrez le travail de l\u2019Espace Feminismos Plurais<\/p>\n<p>\ud83d\udc49 T\u00e9l\u00e9chargez le Rapport d\u2019Exercice 2025<\/p>\n<p>\ud83d\udc49 Doe para o Espa\u00e7o Feminismos Plurais e apoie projetos voltados a mulheres em situa\u00e7\u00e3o de vulnerabilidade social<\/p>\n","protected":false},"excerpt":{"rendered":"<p>Fond\u00e9 par Djamila Ribeiro le 5 mai 2022, l\u2019Espace Feminismos Plurais est un institut \u00e0 but non lucratif d\u00e9di\u00e9 \u00e0 l\u2019accueil des femmes en situation de vuln\u00e9rabilit\u00e9 sociale. Son action repose sur une approche int\u00e9gr\u00e9e, ax\u00e9e sur le soin, la formation et le d\u00e9veloppement de projets sociaux qui favorisent l\u2019autonomie, la dignit\u00e9 et la justice [&hellip;]<\/p>\n","protected":false},"author":1,"featured_media":4240,"parent":0,"menu_order":0,"comment_status":"closed","ping_status":"closed","template":"page-templates\/instituto.php","meta":{"inline_featured_image":false},"acf":[],"yoast_head":"<!-- This site is optimized with the Yoast SEO plugin v20.5 - https:\/\/yoast.com\/wordpress\/plugins\/seo\/ -->\n<title>Institut - Djamila Ribeiro<\/title>\n<meta name=\"robots\" content=\"index, follow, max-snippet:-1, max-image-preview:large, max-video-preview:-1\" \/>\n<link rel=\"canonical\" href=\"https:\/\/www.djamilaribeiro.com.br\/fr\/institut\/\" \/>\n<meta property=\"og:locale\" content=\"pt_BR\" \/>\n<meta property=\"og:type\" content=\"article\" \/>\n<meta property=\"og:title\" content=\"Institut - Djamila Ribeiro\" \/>\n<meta property=\"og:description\" content=\"Fond\u00e9 par Djamila Ribeiro le 5 mai 2022, l\u2019Espace Feminismos Plurais est un institut \u00e0 but non lucratif d\u00e9di\u00e9 \u00e0 l\u2019accueil des femmes en situation de vuln\u00e9rabilit\u00e9 sociale. Son action repose sur une approche int\u00e9gr\u00e9e, ax\u00e9e sur le soin, la formation et le d\u00e9veloppement de projets sociaux qui favorisent l\u2019autonomie, la dignit\u00e9 et la justice [&hellip;]\" \/>\n<meta property=\"og:url\" content=\"https:\/\/www.djamilaribeiro.com.br\/fr\/institut\/\" \/>\n<meta property=\"og:site_name\" content=\"Djamila Ribeiro\" \/>\n<meta property=\"article:modified_time\" content=\"2026-03-06T18:36:34+00:00\" \/>\n<meta property=\"og:image\" content=\"https:\/\/www.djamilaribeiro.com.br\/wp-content\/uploads\/2025\/09\/2025_08_13_DJAMILA_181597-scaled.jpg\" \/>\n\t<meta property=\"og:image:width\" content=\"2560\" \/>\n\t<meta property=\"og:image:height\" content=\"1920\" \/>\n\t<meta property=\"og:image:type\" content=\"image\/jpeg\" \/>\n<meta name=\"twitter:card\" content=\"summary_large_image\" \/>\n<meta name=\"twitter:label1\" content=\"Est. tempo de leitura\" \/>\n\t<meta name=\"twitter:data1\" content=\"2 minutos\" \/>\n<script type=\"application\/ld+json\" class=\"yoast-schema-graph\">{\"@context\":\"https:\/\/schema.org\",\"@graph\":[{\"@type\":\"WebPage\",\"@id\":\"https:\/\/www.djamilaribeiro.com.br\/fr\/institut\/\",\"url\":\"https:\/\/www.djamilaribeiro.com.br\/fr\/institut\/\",\"name\":\"Institut - Djamila Ribeiro\",\"isPartOf\":{\"@id\":\"https:\/\/www.djamilaribeiro.com.br\/#website\"},\"datePublished\":\"2026-02-23T18:31:20+00:00\",\"dateModified\":\"2026-03-06T18:36:34+00:00\",\"breadcrumb\":{\"@id\":\"https:\/\/www.djamilaribeiro.com.br\/fr\/institut\/#breadcrumb\"},\"inLanguage\":\"pt-BR\",\"potentialAction\":[{\"@type\":\"ReadAction\",\"target\":[\"https:\/\/www.djamilaribeiro.com.br\/fr\/institut\/\"]}]},{\"@type\":\"BreadcrumbList\",\"@id\":\"https:\/\/www.djamilaribeiro.com.br\/fr\/institut\/#breadcrumb\",\"itemListElement\":[{\"@type\":\"ListItem\",\"position\":1,\"name\":\"In\u00edcio\",\"item\":\"https:\/\/www.djamilaribeiro.com.br\/fr\/\"},{\"@type\":\"ListItem\",\"position\":2,\"name\":\"Institut\"}]},{\"@type\":\"WebSite\",\"@id\":\"https:\/\/www.djamilaribeiro.com.br\/#website\",\"url\":\"https:\/\/www.djamilaribeiro.com.br\/\",\"name\":\"Djamila Ribeiro\",\"description\":\"\",\"potentialAction\":[{\"@type\":\"SearchAction\",\"target\":{\"@type\":\"EntryPoint\",\"urlTemplate\":\"https:\/\/www.djamilaribeiro.com.br\/?s={search_term_string}\"},\"query-input\":\"required name=search_term_string\"}],\"inLanguage\":\"pt-BR\"}]}<\/script>\n<!-- \/ Yoast SEO plugin. -->","yoast_head_json":{"title":"Institut - Djamila Ribeiro","robots":{"index":"index","follow":"follow","max-snippet":"max-snippet:-1","max-image-preview":"max-image-preview:large","max-video-preview":"max-video-preview:-1"},"canonical":"https:\/\/www.djamilaribeiro.com.br\/fr\/institut\/","og_locale":"pt_BR","og_type":"article","og_title":"Institut - Djamila Ribeiro","og_description":"Fond\u00e9 par Djamila Ribeiro le 5 mai 2022, l\u2019Espace Feminismos Plurais est un institut \u00e0 but non lucratif d\u00e9di\u00e9 \u00e0 l\u2019accueil des femmes en situation de vuln\u00e9rabilit\u00e9 sociale. Son action repose sur une approche int\u00e9gr\u00e9e, ax\u00e9e sur le soin, la formation et le d\u00e9veloppement de projets sociaux qui favorisent l\u2019autonomie, la dignit\u00e9 et la justice [&hellip;]","og_url":"https:\/\/www.djamilaribeiro.com.br\/fr\/institut\/","og_site_name":"Djamila Ribeiro","article_modified_time":"2026-03-06T18:36:34+00:00","og_image":[{"width":2560,"height":1920,"url":"https:\/\/www.djamilaribeiro.com.br\/wp-content\/uploads\/2025\/09\/2025_08_13_DJAMILA_181597-scaled.jpg","type":"image\/jpeg"}],"twitter_card":"summary_large_image","twitter_misc":{"Est. tempo de leitura":"2 minutos"},"schema":{"@context":"https:\/\/schema.org","@graph":[{"@type":"WebPage","@id":"https:\/\/www.djamilaribeiro.com.br\/fr\/institut\/","url":"https:\/\/www.djamilaribeiro.com.br\/fr\/institut\/","name":"Institut - Djamila Ribeiro","isPartOf":{"@id":"https:\/\/www.djamilaribeiro.com.br\/#website"},"datePublished":"2026-02-23T18:31:20+00:00","dateModified":"2026-03-06T18:36:34+00:00","breadcrumb":{"@id":"https:\/\/www.djamilaribeiro.com.br\/fr\/institut\/#breadcrumb"},"inLanguage":"pt-BR","potentialAction":[{"@type":"ReadAction","target":["https:\/\/www.djamilaribeiro.com.br\/fr\/institut\/"]}]},{"@type":"BreadcrumbList","@id":"https:\/\/www.djamilaribeiro.com.br\/fr\/institut\/#breadcrumb","itemListElement":[{"@type":"ListItem","position":1,"name":"In\u00edcio","item":"https:\/\/www.djamilaribeiro.com.br\/fr\/"},{"@type":"ListItem","position":2,"name":"Institut"}]},{"@type":"WebSite","@id":"https:\/\/www.djamilaribeiro.com.br\/#website","url":"https:\/\/www.djamilaribeiro.com.br\/","name":"Djamila Ribeiro","description":"","potentialAction":[{"@type":"SearchAction","target":{"@type":"EntryPoint","urlTemplate":"https:\/\/www.djamilaribeiro.com.br\/?s={search_term_string}"},"query-input":"required name=search_term_string"}],"inLanguage":"pt-BR"}]}},"amp_enabled":true,"_links":{"self":[{"href":"https:\/\/www.djamilaribeiro.com.br\/fr\/wp-json\/wp\/v2\/pages\/5077"}],"collection":[{"href":"https:\/\/www.djamilaribeiro.com.br\/fr\/wp-json\/wp\/v2\/pages"}],"about":[{"href":"https:\/\/www.djamilaribeiro.com.br\/fr\/wp-json\/wp\/v2\/types\/page"}],"author":[{"embeddable":true,"href":"https:\/\/www.djamilaribeiro.com.br\/fr\/wp-json\/wp\/v2\/users\/1"}],"replies":[{"embeddable":true,"href":"https:\/\/www.djamilaribeiro.com.br\/fr\/wp-json\/wp\/v2\/comments?post=5077"}],"version-history":[{"count":4,"href":"https:\/\/www.djamilaribeiro.com.br\/fr\/wp-json\/wp\/v2\/pages\/5077\/revisions"}],"predecessor-version":[{"id":5240,"href":"https:\/\/www.djamilaribeiro.com.br\/fr\/wp-json\/wp\/v2\/pages\/5077\/revisions\/5240"}],"wp:featuredmedia":[{"embeddable":true,"href":"https:\/\/www.djamilaribeiro.com.br\/fr\/wp-json\/wp\/v2\/media\/4240"}],"wp:attachment":[{"href":"https:\/\/www.djamilaribeiro.com.br\/fr\/wp-json\/wp\/v2\/media?parent=5077"}],"curies":[{"name":"wp","href":"https:\/\/api.w.org\/{rel}","templated":true}]}}